 {"id":241,"date":"2023-08-17T13:31:25","date_gmt":"2023-08-17T11:31:25","guid":{"rendered":"https:\/\/cya.tn\/?page_id=241"},"modified":"2023-08-23T10:35:02","modified_gmt":"2023-08-23T08:35:02","slug":"creation-dentreprises-labelisation","status":"publish","type":"page","link":"https:\/\/cya.tn\/index.php\/creation-dentreprises-labelisation\/","title":{"rendered":"Cr\u00e9ation d\u2019entreprises &amp; lab\u00e9lisation"},"content":{"rendered":"\n<div class=\"section-wrapper\" data-id=\"uL3WNu\"><section class=\"wp-block-gutenverse-section guten-element guten-section guten-uL3WNu layout-boxed align-stretch\"><div class=\"guten-background-overlay\"><\/div><div class=\"guten-shape-divider guten-shape-divider-top\"><\/div><div class=\"guten-shape-divider guten-shape-divider-bottom\"><\/div><div class=\"guten-container guten-column-gap-no\">\n<div class=\"wp-block-gutenverse-column guten-element guten-column guten-Tf7s4t\"><div class=\"guten-background-overlay\"><\/div><div class=\"sticky-wrapper\" data-id=\"Tf7s4t\"><div class=\"guten-column-wrapper\">\n<div class=\"section-wrapper\" data-id=\"Zh202r\"><section class=\"wp-block-gutenverse-section guten-element guten-section guten-Zh202r animated guten-element-hide slow desktop-fadeInUp layout-boxed align-stretch\"><div class=\"guten-background-overlay\"><\/div><div class=\"guten-shape-divider guten-shape-divider-top\"><\/div><div class=\"guten-shape-divider guten-shape-divider-bottom\"><\/div><div class=\"guten-container guten-column-gap-no\">\n<div class=\"wp-block-gutenverse-column guten-element guten-column guten-jD3vlz\"><div class=\"guten-background-overlay\"><\/div><div class=\"sticky-wrapper\" data-id=\"jD3vlz\"><div class=\"guten-column-wrapper\">\n<div class=\"guten-element guten-accordions guten-qlGCZC\">\n<div class=\"accordion-item\"><div class=\"accordion-heading\"><div class=\"accordion-icon\"><span class=\"accordion-icon-open\"><i class=\"fas fa-minus\"><\/i><\/span><span class=\"accordion-icon-closed\"><i class=\"fas fa-plus\"><\/i><\/span><\/div><span class=\"accordion-text\">Cr\u00e9ation de la soci\u00e9t\u00e9<\/span><\/div><div class=\"accordion-body\"><div class=\"accordion-content\">\n<ul class=\"wp-block-list\">\n<li>Accompagnement dans le choix de la forme juridique de la soci\u00e9t\u00e9<\/li>\n\n\n\n<li>Obtention de l&rsquo;attestation de r\u00e9servation de la raison sociale et \u00e9ventuellement du nom commercial<\/li>\n\n\n\n<li>Accompagnement dans le choix de l&rsquo;activit\u00e9 suivant la nomenclature d&rsquo;activit\u00e9s Tunisienne<\/li>\n\n\n\n<li>Conseil et r\u00e9daction des statuts, r\u00e9daction du pacte d\u2019associ\u00e9s.<\/li>\n\n\n\n<li>\u00c9laboration du sch\u00e9ma d\u2019investissement et de financement.<\/li>\n\n\n\n<li>Formalit\u00e9s d\u00e9claratives (d\u00e9claration \u00e0 l\u2019APII, APIA, ONTT, ONTH\u2026).<\/li>\n\n\n\n<li>Obtention des agr\u00e9ments n\u00e9cessaires pour l\u2019exercice de certaines activit\u00e9s.<\/li>\n\n\n\n<li>Proc\u00e9dures financi\u00e8res (d\u00e9claration des investisseurs \u00e9trangers\u2026).<\/li>\n\n\n\n<li>Identification des r\u00e9gimes fiscaux applicables et accompagnement dans le choix le plus optimal du r\u00e9gime fiscal compte tenu du contexte.<\/li>\n\n\n\n<li>Formalit\u00e9s fiscales (d\u00e9claration d\u2019existence, obtention de la carte d\u2019identification fiscale, autorisation d\u2019achat en suspension de taxes\u2026).<\/li>\n\n\n\n<li>Formalit\u00e9s douani\u00e8res (obtention d\u2019un code en douane\u2026).<\/li>\n\n\n\n<li>Formalit\u00e9s sociales (Affiliation \u00e0 la CNSS, D\u00e9claration des salari\u00e9s, Autorisations n\u00e9cessaires pour les \u00e9trangers, \u2026).<\/li>\n\n\n\n<li>Formalit\u00e9s juridiques (Immatriculation au Registre national des Entreprises, extrait du Registre de commerce\u2026).<\/li>\n\n\n\n<li>Recherche des subventions et primes, constitution des dossiers et prise en charge des formalit\u00e9s administratives.<\/li>\n<\/ul>\n<\/div><\/div><\/div>\n\n\n\n<div class=\"accordion-item active\"><div class=\"accordion-heading\"><div class=\"accordion-icon\"><span class=\"accordion-icon-open\"><i class=\"fas fa-minus\"><\/i><\/span><span class=\"accordion-icon-closed\"><i class=\"fas fa-plus\"><\/i><\/span><\/div><span class=\"accordion-text\">Accompagnement dans la lab\u00e9lisation de la startup<\/span><\/div><div class=\"accordion-body\"><div class=\"accordion-content\">\n<ul class=\"wp-block-list\">\n<li>Accompagnement dans la d\u00e9finition d&rsquo;un business model solide.<\/li>\n\n\n\n<li>Accompagnement et \u00e9laboration d&rsquo;un business plan.<\/li>\n\n\n\n<li>Accompagnement dans l&rsquo;obtention de la bourse de startup.<\/li>\n\n\n\n<li>Accompagnement dans le renseignement des plateformes d\u00e9di\u00e9es au label Startup Act.<\/li>\n<\/ul>\n<\/div><\/div><\/div>\n<\/div>\n<\/div><\/div><\/div>\n\n\n\n<div class=\"wp-block-gutenverse-column guten-element guten-column guten-r4KAJG\"><div class=\"guten-background-overlay\"><\/div><div class=\"sticky-wrapper\" data-id=\"r4KAJG\"><div class=\"guten-column-wrapper\">\n<div class=\"wp-block-gutenverse-image guten-element guten-image guten-8yjEzw\"><a class=\"guten-image-wrapper\"><img loading=\"lazy\" decoding=\"async\" class=\"gutenverse-image-box-filled\" src=\"https:\/\/cya.tn\/wp-content\/uploads\/2023\/08\/Creation-dentreprises-labelisation.png\" height=\"300\" width=\"400\"\/><\/a><\/div>\n<\/div><\/div><\/div>\n<\/div><\/section><\/div>\n<\/div><\/div><\/div>\n<\/div><\/section><\/div>\n","protected":false},"excerpt":{"rendered":"","protected":false},"author":1,"featured_media":0,"parent":0,"menu_order":0,"comment_status":"closed","ping_status":"closed","template":"","meta":{"footnotes":""},"class_list":["post-241","page","type-page","status-publish","hentry"],"_links":{"self":[{"href":"https:\/\/cya.tn\/index.php\/wp-json\/wp\/v2\/pages\/241","targetHints":{"allow":["GET"]}}],"collection":[{"href":"https:\/\/cya.tn\/index.php\/wp-json\/wp\/v2\/pages"}],"about":[{"href":"https:\/\/cya.tn\/index.php\/wp-json\/wp\/v2\/types\/page"}],"author":[{"embeddable":true,"href":"https:\/\/cya.tn\/index.php\/wp-json\/wp\/v2\/users\/1"}],"replies":[{"embeddable":true,"href":"https:\/\/cya.tn\/index.php\/wp-json\/wp\/v2\/comments?post=241"}],"version-history":[{"count":3,"href":"https:\/\/cya.tn\/index.php\/wp-json\/wp\/v2\/pages\/241\/revisions"}],"predecessor-version":[{"id":372,"href":"https:\/\/cya.tn\/index.php\/wp-json\/wp\/v2\/pages\/241\/revisions\/372"}],"wp:attachment":[{"href":"https:\/\/cya.tn\/index.php\/wp-json\/wp\/v2\/media?parent=241"}],"curies":[{"name":"wp","href":"https:\/\/api.w.org\/{rel}","templated":true}]}}