 {"id":230,"date":"2023-08-17T13:10:41","date_gmt":"2023-08-17T11:10:41","guid":{"rendered":"https:\/\/cya.tn\/?page_id=230"},"modified":"2023-08-24T11:22:58","modified_gmt":"2023-08-24T09:22:58","slug":"assistance-lors-de-la-participation-a-des-concours-nationaux-et-internationaux","status":"publish","type":"page","link":"https:\/\/cya.tn\/index.php\/assistance-lors-de-la-participation-a-des-concours-nationaux-et-internationaux\/","title":{"rendered":"Assistance lors de la participation \u00e0 des concours nationaux et internationaux"},"content":{"rendered":"\n<div class=\"section-wrapper\" data-id=\"uL3WNu\"><section class=\"wp-block-gutenverse-section guten-element guten-section guten-uL3WNu layout-boxed align-stretch\"><div class=\"guten-background-overlay\"><\/div><div class=\"guten-shape-divider guten-shape-divider-top\"><\/div><div class=\"guten-shape-divider guten-shape-divider-bottom\"><\/div><div class=\"guten-container guten-column-gap-no\">\n<div class=\"wp-block-gutenverse-column guten-element guten-column guten-Tf7s4t\"><div class=\"guten-background-overlay\"><\/div><div class=\"sticky-wrapper\" data-id=\"Tf7s4t\"><div class=\"guten-column-wrapper\">\n<div class=\"section-wrapper\" data-id=\"ZeDB70\"><section class=\"wp-block-gutenverse-section guten-element guten-section guten-ZeDB70 animated guten-element-hide slow desktop-fadeInUp layout-boxed align-stretch\"><div class=\"guten-background-overlay\"><\/div><div class=\"guten-shape-divider guten-shape-divider-top\"><\/div><div class=\"guten-shape-divider guten-shape-divider-bottom\"><\/div><div class=\"guten-container guten-column-gap-no\">\n<div class=\"wp-block-gutenverse-column guten-element guten-column guten-yH8JfL\"><div class=\"guten-background-overlay\"><\/div><div class=\"sticky-wrapper\" data-id=\"yH8JfL\"><div class=\"guten-column-wrapper\">\n<div class=\"guten-element guten-accordions guten-SFSCbv\">\n<div class=\"accordion-item active\"><div class=\"accordion-heading\"><div class=\"accordion-icon\"><span class=\"accordion-icon-open\"><i class=\"fas fa-minus\"><\/i><\/span><span class=\"accordion-icon-closed\"><i class=\"fas fa-plus\"><\/i><\/span><\/div><span class=\"accordion-text\">Assistance lors de la participation \u00e0 des concours nationaux et internationaux<\/span><\/div><div class=\"accordion-body\"><div class=\"accordion-content\">\n<ul class=\"wp-block-list\">\n<li>Pr\u00e9paration et aide \u00e0 la pr\u00e9paration des speechs.<\/li>\n\n\n\n<li>Pr\u00e9paration et aide \u00e0 la pr\u00e9paration des pr\u00e9sentations de la soci\u00e9t\u00e9.<\/li>\n<\/ul>\n<\/div><\/div><\/div>\n<\/div>\n<\/div><\/div><\/div>\n\n\n\n<div class=\"wp-block-gutenverse-column guten-element guten-column guten-EmXgsL\"><div class=\"guten-background-overlay\"><\/div><div class=\"sticky-wrapper\" data-id=\"EmXgsL\"><div class=\"guten-column-wrapper\">\n<div class=\"wp-block-gutenverse-image guten-element guten-image guten-JmJYGn\"><a class=\"guten-image-wrapper\"><img loading=\"lazy\" decoding=\"async\" class=\"gutenverse-image-box-filled\" src=\"https:\/\/cya.tn\/wp-content\/uploads\/2023\/08\/concours.png\" height=\"300\" width=\"400\"\/><\/a><\/div>\n<\/div><\/div><\/div>\n<\/div><\/section><\/div>\n<\/div><\/div><\/div>\n<\/div><\/section><\/div>\n","protected":false},"excerpt":{"rendered":"","protected":false},"author":1,"featured_media":0,"parent":0,"menu_order":0,"comment_status":"closed","ping_status":"closed","template":"","meta":{"footnotes":""},"class_list":["post-230","page","type-page","status-publish","hentry"],"_links":{"self":[{"href":"https:\/\/cya.tn\/index.php\/wp-json\/wp\/v2\/pages\/230","targetHints":{"allow":["GET"]}}],"collection":[{"href":"https:\/\/cya.tn\/index.php\/wp-json\/wp\/v2\/pages"}],"about":[{"href":"https:\/\/cya.tn\/index.php\/wp-json\/wp\/v2\/types\/page"}],"author":[{"embeddable":true,"href":"https:\/\/cya.tn\/index.php\/wp-json\/wp\/v2\/users\/1"}],"replies":[{"embeddable":true,"href":"https:\/\/cya.tn\/index.php\/wp-json\/wp\/v2\/comments?post=230"}],"version-history":[{"count":3,"href":"https:\/\/cya.tn\/index.php\/wp-json\/wp\/v2\/pages\/230\/revisions"}],"predecessor-version":[{"id":367,"href":"https:\/\/cya.tn\/index.php\/wp-json\/wp\/v2\/pages\/230\/revisions\/367"}],"wp:attachment":[{"href":"https:\/\/cya.tn\/index.php\/wp-json\/wp\/v2\/media?parent=230"}],"curies":[{"name":"wp","href":"https:\/\/api.w.org\/{rel}","templated":true}]}}