 {"id":221,"date":"2023-08-17T12:50:38","date_gmt":"2023-08-17T10:50:38","guid":{"rendered":"https:\/\/cya.tn\/?page_id=221"},"modified":"2023-08-22T11:28:45","modified_gmt":"2023-08-22T09:28:45","slug":"ressources-humaines","status":"publish","type":"page","link":"https:\/\/cya.tn\/index.php\/ressources-humaines\/","title":{"rendered":"Ressources Humaines"},"content":{"rendered":"\n<div class=\"section-wrapper\" data-id=\"uL3WNu\"><section class=\"wp-block-gutenverse-section guten-element guten-section guten-uL3WNu layout-boxed align-stretch\"><div class=\"guten-background-overlay\"><\/div><div class=\"guten-shape-divider guten-shape-divider-top\"><\/div><div class=\"guten-shape-divider guten-shape-divider-bottom\"><\/div><div class=\"guten-container guten-column-gap-no\">\n<div class=\"wp-block-gutenverse-column guten-element guten-column guten-Tf7s4t\"><div class=\"guten-background-overlay\"><\/div><div class=\"sticky-wrapper\" data-id=\"Tf7s4t\"><div class=\"guten-column-wrapper\">\n<div class=\"section-wrapper\" data-id=\"bJ8FaW\"><section class=\"wp-block-gutenverse-section guten-element guten-section guten-bJ8FaW animated guten-element-hide slow desktop-fadeInUp layout-boxed align-stretch\"><div class=\"guten-background-overlay\"><\/div><div class=\"guten-shape-divider guten-shape-divider-top\"><\/div><div class=\"guten-shape-divider guten-shape-divider-bottom\"><\/div><div class=\"guten-container guten-column-gap-no\">\n<div class=\"wp-block-gutenverse-column guten-element guten-column guten-nRQZ4v\"><div class=\"guten-background-overlay\"><\/div><div class=\"sticky-wrapper\" data-id=\"nRQZ4v\"><div class=\"guten-column-wrapper\">\n<div class=\"guten-element guten-accordions guten-jtQh7i\">\n<div class=\"accordion-item\"><div class=\"accordion-heading\"><div class=\"accordion-icon\"><span class=\"accordion-icon-open\"><i class=\"fas fa-minus\"><\/i><\/span><span class=\"accordion-icon-closed\"><i class=\"fas fa-plus\"><\/i><\/span><\/div><span class=\"accordion-text\">Accompagnement dans le recrutement<\/span><\/div><div class=\"accordion-body\"><div class=\"accordion-content\">\n<ul class=\"wp-block-list\">\n<li>Identification des besoins en terme de ressources humaines ( Cadres administratifs).<\/li>\n\n\n\n<li>D\u00e9termination des profils et accompagnement dans le recrutement des cadres de l&rsquo;administration ( Recherche des candidats, publication et gestion des annonces, entretien: Volet technique et psychotechnique,&#8230; ).<\/li>\n<\/ul>\n<\/div><\/div><\/div>\n\n\n\n<div class=\"accordion-item\"><div class=\"accordion-heading\"><div class=\"accordion-icon\"><span class=\"accordion-icon-open\"><i class=\"fas fa-minus\"><\/i><\/span><span class=\"accordion-icon-closed\"><i class=\"fas fa-plus\"><\/i><\/span><\/div><span class=\"accordion-text\">\u00c9tablissement de la paie et des d\u00e9clarations li\u00e9es<\/span><\/div><div class=\"accordion-body\"><div class=\"accordion-content\">\n<ul class=\"wp-block-list\">\n<li>\u00c9tablissement des bulletins de salaire et des journaux de paie.<\/li>\n\n\n\n<li>\u00c9tablissement des d\u00e9clarations sociales.<\/li>\n<\/ul>\n<\/div><\/div><\/div>\n\n\n\n<div class=\"accordion-item\"><div class=\"accordion-heading\"><div class=\"accordion-icon\"><span class=\"accordion-icon-open\"><i class=\"fas fa-minus\"><\/i><\/span><span class=\"accordion-icon-closed\"><i class=\"fas fa-plus\"><\/i><\/span><\/div><span class=\"accordion-text\">Formation<\/span><\/div><div class=\"accordion-body\"><div class=\"accordion-content\">\n<ul class=\"wp-block-list\">\n<li>Formation des \u00e9quipes comptables et financi\u00e8res.<\/li>\n<\/ul>\n<\/div><\/div><\/div>\n<\/div>\n<\/div><\/div><\/div>\n\n\n\n<div class=\"wp-block-gutenverse-column guten-element guten-column guten-22pICq\"><div class=\"guten-background-overlay\"><\/div><div class=\"sticky-wrapper\" data-id=\"22pICq\"><div class=\"guten-column-wrapper\">\n<div class=\"wp-block-gutenverse-image guten-element guten-image guten-mLuEGI\"><a class=\"guten-image-wrapper\"><img loading=\"lazy\" decoding=\"async\" class=\"gutenverse-image-box-filled\" src=\"https:\/\/cya.tn\/wp-content\/uploads\/2023\/08\/Management-ressources-humaines.png\" height=\"300\" width=\"400\"\/><\/a><\/div>\n<\/div><\/div><\/div>\n<\/div><\/section><\/div>\n<\/div><\/div><\/div>\n<\/div><\/section><\/div>\n","protected":false},"excerpt":{"rendered":"","protected":false},"author":1,"featured_media":0,"parent":0,"menu_order":0,"comment_status":"closed","ping_status":"closed","template":"","meta":{"footnotes":""},"class_list":["post-221","page","type-page","status-publish","hentry"],"_links":{"self":[{"href":"https:\/\/cya.tn\/index.php\/wp-json\/wp\/v2\/pages\/221","targetHints":{"allow":["GET"]}}],"collection":[{"href":"https:\/\/cya.tn\/index.php\/wp-json\/wp\/v2\/pages"}],"about":[{"href":"https:\/\/cya.tn\/index.php\/wp-json\/wp\/v2\/types\/page"}],"author":[{"embeddable":true,"href":"https:\/\/cya.tn\/index.php\/wp-json\/wp\/v2\/users\/1"}],"replies":[{"embeddable":true,"href":"https:\/\/cya.tn\/index.php\/wp-json\/wp\/v2\/comments?post=221"}],"version-history":[{"count":4,"href":"https:\/\/cya.tn\/index.php\/wp-json\/wp\/v2\/pages\/221\/revisions"}],"predecessor-version":[{"id":337,"href":"https:\/\/cya.tn\/index.php\/wp-json\/wp\/v2\/pages\/221\/revisions\/337"}],"wp:attachment":[{"href":"https:\/\/cya.tn\/index.php\/wp-json\/wp\/v2\/media?parent=221"}],"curies":[{"name":"wp","href":"https:\/\/api.w.org\/{rel}","templated":true}]}}