 {"id":197,"date":"2023-08-17T12:02:38","date_gmt":"2023-08-17T10:02:38","guid":{"rendered":"https:\/\/cya.tn\/?page_id=197"},"modified":"2023-08-22T11:19:39","modified_gmt":"2023-08-22T09:19:39","slug":"comptabilite","status":"publish","type":"page","link":"https:\/\/cya.tn\/index.php\/comptabilite\/","title":{"rendered":"Comptabilit\u00e9"},"content":{"rendered":"\n<div class=\"section-wrapper\" data-id=\"uL3WNu\"><section class=\"wp-block-gutenverse-section guten-element guten-section guten-uL3WNu layout-boxed align-stretch\"><div class=\"guten-background-overlay\"><\/div><div class=\"guten-shape-divider guten-shape-divider-top\"><\/div><div class=\"guten-shape-divider guten-shape-divider-bottom\"><\/div><div class=\"guten-container guten-column-gap-no\">\n<div class=\"wp-block-gutenverse-column guten-element guten-column guten-Tf7s4t\"><div class=\"guten-background-overlay\"><\/div><div class=\"sticky-wrapper\" data-id=\"Tf7s4t\"><div class=\"guten-column-wrapper\">\n<div class=\"section-wrapper\" data-id=\"QnOY5G\"><section class=\"wp-block-gutenverse-section guten-element guten-section guten-QnOY5G animated guten-element-hide slow desktop-fadeInUp layout-boxed align-stretch\"><div class=\"guten-background-overlay\"><\/div><div class=\"guten-shape-divider guten-shape-divider-top\"><\/div><div class=\"guten-shape-divider guten-shape-divider-bottom\"><\/div><div class=\"guten-container guten-column-gap-default\">\n<div class=\"wp-block-gutenverse-column guten-element guten-column guten-1SDS82\"><div class=\"guten-background-overlay\"><\/div><div class=\"sticky-wrapper\" data-id=\"1SDS82\"><div class=\"guten-column-wrapper\">\n<div class=\"guten-element guten-accordions guten-YdQj12\">\n<div class=\"accordion-item\"><div class=\"accordion-heading\"><div class=\"accordion-icon\"><span class=\"accordion-icon-open\"><i class=\"fas fa-minus\"><\/i><\/span><span class=\"accordion-icon-closed\"><i class=\"fas fa-plus\"><\/i><\/span><\/div><span class=\"accordion-text\">Comptabilit\u00e9 G\u00e9n\u00e9rale<\/span><\/div><div class=\"accordion-body\"><div class=\"accordion-content\">\n<ul class=\"wp-block-list\">\n<li>Tenue \/ Assistance dans la tenue de comptabilit\u00e9 conforme aux r\u00e9f\u00e9rentiels comptables tunisien ( SCT), international ( IFRS) ou am\u00e9ricain ( US GAAP).<\/li>\n\n\n\n<li>Tenue \/ Assistance dans la tenue de comptabilit\u00e9 en devise et conversion en dinars.<\/li>\n\n\n\n<li>Mise en place de proc\u00e9d\u00e9s et informatisation de certains process pour l&rsquo;acc\u00e9l\u00e9ration de la pr\u00e9paration des reportings mensuels (5 jours apr\u00e8s la cl\u00f4ture du mois).<\/li>\n\n\n\n<li>Am\u00e9lioration de la qualit\u00e9 des RBE (R\u00e9sultat Brut d&rsquo;exploitation) mensuel ( Mise en place du syst\u00e8me d&rsquo;abonnement des charges, politique de provisionnement,\u2026).<\/li>\n\n\n\n<li>Assistance et pr\u00e9paration des RBE mensuels.<\/li>\n\n\n\n<li>Pr\u00e9paration des \u00e9tats financiers annuels.<\/li>\n<\/ul>\n<\/div><\/div><\/div>\n\n\n\n<div class=\"accordion-item\"><div class=\"accordion-heading\"><div class=\"accordion-icon\"><span class=\"accordion-icon-open\"><i class=\"fas fa-minus\"><\/i><\/span><span class=\"accordion-icon-closed\"><i class=\"fas fa-plus\"><\/i><\/span><\/div><span class=\"accordion-text\">Comptabilit\u00e9 Analytique<\/span><\/div><div class=\"accordion-body\"><div class=\"accordion-content\">\n<ul class=\"wp-block-list\">\n<li>Mise en place de la comptabilit\u00e9 analytique.<\/li>\n\n\n\n<li>Assistance et pr\u00e9paration des RBE analytiques mensuels<\/li>\n<\/ul>\n<\/div><\/div><\/div>\n\n\n\n<div class=\"accordion-item\"><div class=\"accordion-heading\"><div class=\"accordion-icon\"><span class=\"accordion-icon-open\"><i class=\"fas fa-minus\"><\/i><\/span><span class=\"accordion-icon-closed\"><i class=\"fas fa-plus\"><\/i><\/span><\/div><span class=\"accordion-text\">Consolidation des \u00e9tats financiers<\/span><\/div><div class=\"accordion-body\"><div class=\"accordion-content\">\n<ul class=\"wp-block-list\">\n<li>Mise en place de proc\u00e9dures et de proc\u00e9d\u00e9s pour la collecte et le traitement des informations aux fins de la consolidation.<\/li>\n\n\n\n<li>Pr\u00e9paration des \u00e9tats financiers consolid\u00e9s.<\/li>\n<\/ul>\n<\/div><\/div><\/div>\n\n\n\n<div class=\"accordion-item\"><div class=\"accordion-heading\"><div class=\"accordion-icon\"><span class=\"accordion-icon-open\"><i class=\"fas fa-minus\"><\/i><\/span><span class=\"accordion-icon-closed\"><i class=\"fas fa-plus\"><\/i><\/span><\/div><span class=\"accordion-text\">Audit et Due Diligence<\/span><\/div><div class=\"accordion-body\"><div class=\"accordion-content\">\n<ul class=\"wp-block-list\">\n<li>Audit l\u00e9gal ( \u00c9tats financiers individuels et ou consolid\u00e9s).<\/li>\n\n\n\n<li>Audit contractuel.<\/li>\n\n\n\n<li>Due diligence.<\/li>\n<\/ul>\n<\/div><\/div><\/div>\n<\/div>\n<\/div><\/div><\/div>\n\n\n\n<div class=\"wp-block-gutenverse-column guten-element guten-column guten-w4InnQ\"><div class=\"guten-background-overlay\"><\/div><div class=\"sticky-wrapper\" data-id=\"w4InnQ\"><div class=\"guten-column-wrapper\">\n<div class=\"wp-block-gutenverse-image guten-element guten-image guten-GsAuPU\"><a class=\"guten-image-wrapper\"><img loading=\"lazy\" decoding=\"async\" class=\"gutenverse-image-box-filled\" src=\"https:\/\/cya.tn\/wp-content\/uploads\/2023\/08\/comptabilite-generale.png\" height=\"300\" width=\"400\"\/><\/a><\/div>\n<\/div><\/div><\/div>\n<\/div><\/section><\/div>\n<\/div><\/div><\/div>\n<\/div><\/section><\/div>\n","protected":false},"excerpt":{"rendered":"","protected":false},"author":1,"featured_media":0,"parent":0,"menu_order":0,"comment_status":"closed","ping_status":"closed","template":"","meta":{"footnotes":""},"class_list":["post-197","page","type-page","status-publish","hentry"],"_links":{"self":[{"href":"https:\/\/cya.tn\/index.php\/wp-json\/wp\/v2\/pages\/197","targetHints":{"allow":["GET"]}}],"collection":[{"href":"https:\/\/cya.tn\/index.php\/wp-json\/wp\/v2\/pages"}],"about":[{"href":"https:\/\/cya.tn\/index.php\/wp-json\/wp\/v2\/types\/page"}],"author":[{"embeddable":true,"href":"https:\/\/cya.tn\/index.php\/wp-json\/wp\/v2\/users\/1"}],"replies":[{"embeddable":true,"href":"https:\/\/cya.tn\/index.php\/wp-json\/wp\/v2\/comments?post=197"}],"version-history":[{"count":9,"href":"https:\/\/cya.tn\/index.php\/wp-json\/wp\/v2\/pages\/197\/revisions"}],"predecessor-version":[{"id":331,"href":"https:\/\/cya.tn\/index.php\/wp-json\/wp\/v2\/pages\/197\/revisions\/331"}],"wp:attachment":[{"href":"https:\/\/cya.tn\/index.php\/wp-json\/wp\/v2\/media?parent=197"}],"curies":[{"name":"wp","href":"https:\/\/api.w.org\/{rel}","templated":true}]}}